{"id":2,"date":"2023-09-07T15:53:36","date_gmt":"2023-09-07T13:53:36","guid":{"rendered":"http:\/\/espacefine.net\/?page_id=2"},"modified":"2023-11-27T18:13:03","modified_gmt":"2023-11-27T17:13:03","slug":"page-d-exemple","status":"publish","type":"page","link":"https:\/\/espacefine.net\/index.php\/page-d-exemple\/","title":{"rendered":"Espace fine ?"},"content":{"rendered":"\n<p>Fine, parce que l\u2019espace, dans le livre, est f\u00e9minine. Elle peut encore \u00eatre moyenne, forte, ultrafine, justifiante, ins\u00e9cable\u2026 En composition soign\u00e9e, on utilise l\u2019espace fine avant le point-virgule, le point d\u2019exclamation et le point d\u2019interrogation.<\/p>\n","protected":false},"excerpt":{"rendered":"<p>Fine, parce que l\u2019espace, dans le livre, est f\u00e9minine. Elle peut encore \u00eatre moyenne, forte, ultrafine, justifiante, ins\u00e9cable\u2026 En composition soign\u00e9e, on utilise l\u2019espace fine avant le point-virgule, le point d\u2019exclamation et le point d\u2019interrogation.<\/p>\n","protected":false},"author":1,"featured_media":0,"parent":0,"menu_order":0,"comment_status":"closed","ping_status":"open","template":"","meta":{"footnotes":""},"class_list":["post-2","page","type-page","status-publish","hentry"],"_links":{"self":[{"href":"https:\/\/espacefine.net\/index.php\/wp-json\/wp\/v2\/pages\/2","targetHints":{"allow":["GET"]}}],"collection":[{"href":"https:\/\/espacefine.net\/index.php\/wp-json\/wp\/v2\/pages"}],"about":[{"href":"https:\/\/espacefine.net\/index.php\/wp-json\/wp\/v2\/types\/page"}],"author":[{"embeddable":true,"href":"https:\/\/espacefine.net\/index.php\/wp-json\/wp\/v2\/users\/1"}],"replies":[{"embeddable":true,"href":"https:\/\/espacefine.net\/index.php\/wp-json\/wp\/v2\/comments?post=2"}],"version-history":[{"count":7,"href":"https:\/\/espacefine.net\/index.php\/wp-json\/wp\/v2\/pages\/2\/revisions"}],"predecessor-version":[{"id":100,"href":"https:\/\/espacefine.net\/index.php\/wp-json\/wp\/v2\/pages\/2\/revisions\/100"}],"wp:attachment":[{"href":"https:\/\/espacefine.net\/index.php\/wp-json\/wp\/v2\/media?parent=2"}],"curies":[{"name":"wp","href":"https:\/\/api.w.org\/{rel}","templated":true}]}}